{"id":3124,"date":"2020-01-28T14:56:26","date_gmt":"2020-01-28T11:56:26","guid":{"rendered":"https:\/\/havlupan.com.tr\/hakkimizda\/"},"modified":"2023-03-14T11:54:56","modified_gmt":"2023-03-14T08:54:56","slug":"ueber-uns","status":"publish","type":"page","link":"https:\/\/havlupan.com.tr\/de\/ueber-uns\/","title":{"rendered":"\u00dcber uns"},"content":{"rendered":"[vc_row thb_full_width=&#8221;true&#8221; thb_row_padding=&#8221;true&#8221; thb_column_padding=&#8221;true&#8221; css=&#8221;.vc_custom_1582198247050{margin-bottom: 50px !important;}&#8221;][vc_column][vc_empty_space height=&#8221;30px&#8221;][vc_row_inner css=&#8221;.vc_custom_1608372940832{padding-top: 250px !important;padding-bottom: 30px !important;background-image: url(https:\/\/havlupan.com.tr\/wp-content\/uploads\/2020\/11\/beyaz-aluminyum-havlupan.jpg?id=1450) !important;background-position: center !important;background-repeat: no-repeat !important;background-size: cover !important;}&#8221;][vc_column_inner thb_color=&#8221;thb-light-column&#8221;][vc_column_text]\n<h1>Moderneres und \u00e4sthetischeres Erscheinungsbild<\/h1>\n[\/vc_column_text][\/vc_column_inner][\/vc_row_inner][\/vc_column][\/vc_row][vc_row css=&#8221;.vc_custom_1582198694605{margin-bottom: 50px !important;}&#8221; el_class=&#8221;align-justify&#8221;][vc_column width=&#8221;2\/3&#8243;][vc_column_text]\n<h2><span style=\"font-weight: 500;\">Badheizk\u00f6rper der Toprak &#8211; Serie<\/span><\/h2>\n[\/vc_column_text][vc_empty_space height=&#8221;26px&#8221;][vc_column_text]Unser Unternehmen ist einer der ersten Hersteller von Badheizk\u00f6rpern, der im Jahr 2000 mit der Produktion in der T\u00fcrkei begann. Auf diese Weise, die wir mit der Befriedigung der inl\u00e4ndischen Nachfrage begonnen haben, setzen wir unsere Investitionen jedes Jahr fort, indem wir die Entwicklungen in der Branche genau verfolgen und die durchgef\u00fchrten F&amp;E-Studien durchf\u00fchren.<\/p>\n<p>In unserer Fabrik mit einer Gesamtfl\u00e4che von 11.000 m2, davon 5.000 m2 geschlossen und 6.000 m2 frei, in Bal\u0131kesir OSB erf\u00fcllen wir die nationalen und internationalen Anforderungen, indem wir mit unserem Fachmann und Maschinenparkurs 170.000 verschiedene Modelle von Badheizk\u00f6rpern pro Jahr produzieren.<\/p>\n<p>Die Marke \u201e<strong>Havlupan<\/strong>\u201c, eine unserer Marken, ist eine der ersten Marken unseres Unternehmens und hat sich zur f\u00fchrenden Marke, die der Branche der Badheizk\u00f6rper ihren Namen gegeben hat, entwickelt.<\/p>\n[\/vc_column_text][vc_single_image image=&#8221;3437&#8243; img_size=&#8221;full&#8221; css=&#8221;.vc_custom_1678784093195{margin-top: 20px !important;}&#8221;][\/vc_column][vc_column width=&#8221;1\/4&#8243;][vc_column_text]\n<h5><img decoding=\"async\" loading=\"lazy\" class=\"alignnone wp-image-314 lazyload\" src=\"data:image\/gif;base64,R0lGODlhAQABAAAAACH5BAEKAAEALAAAAAABAAEAAAICTAEAOw==\" data-src=\"https:\/\/havlupan.com.tr\/wp-content\/uploads\/2020\/02\/ic1.png\" alt=\"\" width=\"16\" height=\"14\" \/>\u00a0 Zentrales B\u00fcro<\/h5>\n[\/vc_column_text][vc_empty_space height=&#8221;6px&#8221;][vc_column_text]<span style=\"font-size: 14px;\">Seyitnizam Mah. Demirciler Sitesi 1.Cadde No : 11\u00a0 Zeytinburnu \/ \u0130STANBUL<\/span>[\/vc_column_text][vc_empty_space height=&#8221;10px&#8221;][vc_column_text]<span style=\"font-size: 14px;\">Phone: +90 212 664 83 74<\/span><br \/>\n<span style=\"font-size: 14px;\">Email:<\/span> <span style=\"color: #c0af8e; font-size: 14px;\">info@havlupan.com.tr<\/span>[\/vc_column_text][vc_empty_space height=&#8221;30px&#8221;][vc_column_text]\n<h5><img decoding=\"async\" loading=\"lazy\" class=\"alignnone wp-image-315 lazyload\" src=\"data:image\/gif;base64,R0lGODlhAQABAAAAACH5BAEKAAEALAAAAAABAAEAAAICTAEAOw==\" data-src=\"https:\/\/havlupan.com.tr\/wp-content\/uploads\/2020\/02\/ic2.png\" alt=\"\" width=\"16 \" height=\"16\" data-sizes=\"auto\" data-srcset=\"https:\/\/havlupan.com.tr\/wp-content\/uploads\/2020\/02\/ic2.png 32w, https:\/\/havlupan.com.tr\/wp-content\/uploads\/2020\/02\/ic2-20x20.png 20w\" sizes=\"(max-width: 32px) 100vw, 32px\" \/>\u00a0 \u00a0 <span style=\"font-size: 16px;\">Arbeitszeit<\/span><\/h5>\n[\/vc_column_text][vc_empty_space height=&#8221;6px&#8221;][vc_column_text]<span style=\"font-size: 14px;\">Pazartesi &#8211; Cuma 09.00 \u2013 18.00<br \/>\nCumartesi 09.00 \u2013 15.00<\/span>[\/vc_column_text][\/vc_column][\/vc_row][vc_row][vc_column]\t<div id=\"thb-image-69e5dee063dc9\" class=\"caption-style1  aligncenter   thb_image_link wp-caption \">\n\t\t\t<div class=\"thb-image-inner size_100\">\n\t\t\t<img width=\"1170\" height=\"1\" src=\"data:image\/gif;base64,R0lGODlhAQABAAAAACH5BAEKAAEALAAAAAABAAEAAAICTAEAOw==\" class=\"thb_image    attachment-full thb-lazyload lazyload\" alt=\"\" decoding=\"async\" loading=\"lazy\" sizes=\"(max-width: 1170px) 100vw, 1170px\" data-src=\"https:\/\/havlupan.com.tr\/wp-content\/uploads\/2020\/02\/sep.png\" data-sizes=\"auto\" data-srcset=\"https:\/\/havlupan.com.tr\/wp-content\/uploads\/2020\/02\/sep.png 1170w, https:\/\/havlupan.com.tr\/wp-content\/uploads\/2020\/02\/sep-300x1.png 300w, https:\/\/havlupan.com.tr\/wp-content\/uploads\/2020\/02\/sep-100x1.png 100w, https:\/\/havlupan.com.tr\/wp-content\/uploads\/2020\/02\/sep-600x1.png 600w, https:\/\/havlupan.com.tr\/wp-content\/uploads\/2020\/02\/sep-1024x1.png 1024w, https:\/\/havlupan.com.tr\/wp-content\/uploads\/2020\/02\/sep-150x1.png 150w, https:\/\/havlupan.com.tr\/wp-content\/uploads\/2020\/02\/sep-768x1.png 768w, https:\/\/havlupan.com.tr\/wp-content\/uploads\/2020\/02\/sep-180x1.png 180w, https:\/\/havlupan.com.tr\/wp-content\/uploads\/2020\/02\/sep-370x1.png 370w, https:\/\/havlupan.com.tr\/wp-content\/uploads\/2020\/02\/sep-400x1.png 400w, https:\/\/havlupan.com.tr\/wp-content\/uploads\/2020\/02\/sep-855x1.png 855w, https:\/\/havlupan.com.tr\/wp-content\/uploads\/2020\/02\/sep-20x1.png 20w, https:\/\/havlupan.com.tr\/wp-content\/uploads\/2020\/02\/sep-290x1.png 290w, https:\/\/havlupan.com.tr\/wp-content\/uploads\/2020\/02\/sep-740x1.png 740w, https:\/\/havlupan.com.tr\/wp-content\/uploads\/2020\/02\/sep-800x1.png 800w\" \/>\t\t\t\t\t<\/div>\n\t\t\t\t\t<\/div>\n  [vc_empty_space height=&#8221;40px&#8221;][vc_column_text]\n<h2>Unsere Produktgruppen<\/h2>\n[\/vc_column_text][vc_empty_space height=&#8221;24px&#8221;][\/vc_column][\/vc_row][vc_row css=&#8221;.vc_custom_1582198323774{margin-bottom: 70px !important;}&#8221;][vc_column width=&#8221;5\/12&#8243;][vc_column_text]Als Ergebnis seiner kontinuierlichen Forschungs- und Entwicklungsstudien bietet unser Unternehmen seinen Kunden die neuesten und qualitativ hochwertigsten Produkte der Branche, indem es sie in sein Inventar aufnimmt.[\/vc_column_text][vc_empty_space height=&#8221;24px&#8221;][vc_column_text css=&#8221;.vc_custom_1677874232590{border-left-width: 30px !important;padding-left: 30px !important;}&#8221;]\n<ul>\n<li>Badheizk\u00f6rper der Standard-Serie sind Standardprodukte, die aus 1,2-mm-D-Profil und 0,90-mm-Rohren mit 21-mm-Durchmesser hergestellt werden.<\/li>\n<\/ul>\n[\/vc_column_text][vc_empty_space height=&#8221;6px&#8221;][vc_column_text css=&#8221;.vc_custom_1677874268228{border-left-width: 30px !important;padding-left: 30px !important;}&#8221;]\n<ul>\n<li>Diese Produkte haben 2 Typen<\/li>\n<li>1- Mit elektrostatischer Pulverfarbe lackierte Produkte. (Wei\u00df, Schwarz und Anthrazit)<\/li>\n<li>2- Mit chemischer Behandlung beschichtete Produkte. (Korm, Gold und Kupfer)<\/li>\n<\/ul>\n[\/vc_column_text][vc_empty_space height=&#8221;6px&#8221;][vc_column_text css=&#8221;.vc_custom_1677874289145{border-left-width: 30px !important;padding-left: 30px !important;}&#8221;]\n<ul>\n<li>Unsere Design-Badheizk\u00f6rper aus Stahl sind handgefertigt. Unser Designteam arbeitet st\u00e4ndig an neuen Designs. Design-Badheizk\u00f6rper aus Stahl zeichnen sich durch ein edles Design und eine besondere Heizleistung aus.<\/li>\n<\/ul>\n[\/vc_column_text][\/vc_column][vc_column width=&#8221;7\/12&#8243;]\t<div id=\"thb-image-69e5dee0650b3\" class=\"caption-style1  alignright   thb_image_link wp-caption \">\n\t\t\t<div class=\"thb-image-inner size_100\">\n\t\t\t<img width=\"1280\" height=\"800\" src=\"data:image\/gif;base64,R0lGODlhAQABAAAAACH5BAEKAAEALAAAAAABAAEAAAICTAEAOw==\" class=\"thb_image    attachment-full thb-lazyload lazyload\" alt=\"\" decoding=\"async\" loading=\"lazy\" sizes=\"(max-width: 1280px) 100vw, 1280px\" data-src=\"https:\/\/havlupan.com.tr\/wp-content\/uploads\/2020\/12\/toprak-havlupan-siyah-image-2.jpg\" data-sizes=\"auto\" data-srcset=\"https:\/\/havlupan.com.tr\/wp-content\/uploads\/2020\/12\/toprak-havlupan-siyah-image-2.jpg 1280w, https:\/\/havlupan.com.tr\/wp-content\/uploads\/2020\/12\/toprak-havlupan-siyah-image-2-300x188.jpg 300w, https:\/\/havlupan.com.tr\/wp-content\/uploads\/2020\/12\/toprak-havlupan-siyah-image-2-1024x640.jpg 1024w, https:\/\/havlupan.com.tr\/wp-content\/uploads\/2020\/12\/toprak-havlupan-siyah-image-2-768x480.jpg 768w, https:\/\/havlupan.com.tr\/wp-content\/uploads\/2020\/12\/toprak-havlupan-siyah-image-2-855x534.jpg 855w, https:\/\/havlupan.com.tr\/wp-content\/uploads\/2020\/12\/toprak-havlupan-siyah-image-2-20x13.jpg 20w, https:\/\/havlupan.com.tr\/wp-content\/uploads\/2020\/12\/toprak-havlupan-siyah-image-2-290x181.jpg 290w, https:\/\/havlupan.com.tr\/wp-content\/uploads\/2020\/12\/toprak-havlupan-siyah-image-2-600x375.jpg 600w\" \/>\t\t\t\t\t<\/div>\n\t\t\t\t\t<\/div>\n  [\/vc_column][\/vc_row][vc_row thb_full_width=&#8221;true&#8221; thb_row_padding=&#8221;true&#8221; thb_column_padding=&#8221;true&#8221; css=&#8221;.vc_custom_1582289057737{margin-bottom: 50px !important;padding-top: 60px !important;padding-bottom: 60px !important;background-color: #f5f2ed !important;}&#8221;][vc_column][vc_row_inner el_class=&#8221;align-center&#8221;][vc_column_inner offset=&#8221;vc_col-lg-6 vc_col-md-9&#8243;][vc_column_text el_class=&#8221;text-center&#8221;]\n<h2>Jetzt ist die Zeit f\u00fcr Ver\u00e4nderungen \u2026<\/h2>\n<p>Mit seiner breiten Produktpalette erhalten Ihre R\u00e4ume jetzt ein w\u00e4rmeres und moderneres Aussehen.[\/vc_column_text][vc_empty_space][\/vc_column_inner][\/vc_row_inner][vc_row_inner][vc_column_inner width=&#8221;1\/4&#8243;][vc_column_text el_class=&#8221;text-center&#8221; css=&#8221;.vc_custom_1677874368519{padding-top: 20px !important;padding-right: 20px !important;padding-bottom: 30px !important;padding-left: 20px !important;background-color: #ffffff !important;}&#8221;]<img decoding=\"async\" loading=\"lazy\" class=\"alignnone wp-image-1697 size-medium lazyload\" src=\"data:image\/gif;base64,R0lGODlhAQABAAAAACH5BAEKAAEALAAAAAABAAEAAAICTAEAOw==\" data-src=\"https:\/\/havlupan.com.tr\/wp-content\/uploads\/2020\/12\/dekoratif-havlupan-pictor-41180-300x300.jpg\" alt=\"\" width=\"300\" height=\"300\" data-sizes=\"auto\" data-srcset=\"https:\/\/havlupan.com.tr\/wp-content\/uploads\/2020\/12\/dekoratif-havlupan-pictor-41180-300x300.jpg 300w, https:\/\/havlupan.com.tr\/wp-content\/uploads\/2020\/12\/dekoratif-havlupan-pictor-41180-150x150.jpg 150w, https:\/\/havlupan.com.tr\/wp-content\/uploads\/2020\/12\/dekoratif-havlupan-pictor-41180-180x180.jpg 180w, https:\/\/havlupan.com.tr\/wp-content\/uploads\/2020\/12\/dekoratif-havlupan-pictor-41180-20x20.jpg 20w, https:\/\/havlupan.com.tr\/wp-content\/uploads\/2020\/12\/dekoratif-havlupan-pictor-41180-290x290.jpg 290w, https:\/\/havlupan.com.tr\/wp-content\/uploads\/2020\/12\/dekoratif-havlupan-pictor-41180-100x100.jpg 100w\" sizes=\"(max-width: 300px) 100vw, 300px\" \/><\/p>\n<h5>Pictor Stahlheizk\u00f6rper<\/h5>\n<p>Es hat ein modernes und \u00e4sthetisches Aussehen, das Sie in Kombikesseln und Zentralheizungssystemen verwenden k\u00f6nnen.[\/vc_column_text][\/vc_column_inner][vc_column_inner width=&#8221;1\/4&#8243;][vc_column_text el_class=&#8221;text-center&#8221; css=&#8221;.vc_custom_1677874417150{padding-top: 20px !important;padding-right: 20px !important;padding-bottom: 30px !important;padding-left: 20px !important;background-color: #ffffff !important;}&#8221;]<img decoding=\"async\" loading=\"lazy\" class=\"alignnone wp-image-1707 size-medium lazyload\" src=\"data:image\/gif;base64,R0lGODlhAQABAAAAACH5BAEKAAEALAAAAAABAAEAAAICTAEAOw==\" data-src=\"https:\/\/havlupan.com.tr\/wp-content\/uploads\/2020\/12\/toprak-havlupan-siyah-50100-300x300.jpg\" alt=\"\" width=\"300\" height=\"300\" data-sizes=\"auto\" data-srcset=\"https:\/\/havlupan.com.tr\/wp-content\/uploads\/2020\/12\/toprak-havlupan-siyah-50100-300x300.jpg 300w, https:\/\/havlupan.com.tr\/wp-content\/uploads\/2020\/12\/toprak-havlupan-siyah-50100-150x150.jpg 150w, https:\/\/havlupan.com.tr\/wp-content\/uploads\/2020\/12\/toprak-havlupan-siyah-50100-180x180.jpg 180w, https:\/\/havlupan.com.tr\/wp-content\/uploads\/2020\/12\/toprak-havlupan-siyah-50100-20x20.jpg 20w, https:\/\/havlupan.com.tr\/wp-content\/uploads\/2020\/12\/toprak-havlupan-siyah-50100-290x290.jpg 290w, https:\/\/havlupan.com.tr\/wp-content\/uploads\/2020\/12\/toprak-havlupan-siyah-50100-100x100.jpg 100w\" sizes=\"(max-width: 300px) 100vw, 300px\" \/><\/p>\n<h5><span style=\"font-size: 16px;\">Erde- Schwarze Badheizk\u00f6rper<\/span><\/h5>\n<p>Das Produkt, die Bodenserie, verleiht Ihren Badezimmern mit verschiedenen Farboptionen ein \u00e4sthetischeres Aussehen.[\/vc_column_text][\/vc_column_inner][vc_column_inner width=&#8221;1\/4&#8243;][vc_column_text el_class=&#8221;text-center&#8221; css=&#8221;.vc_custom_1677874449179{padding-top: 20px !important;padding-right: 20px !important;padding-bottom: 30px !important;padding-left: 20px !important;background-color: #ffffff !important;}&#8221;]<img decoding=\"async\" loading=\"lazy\" class=\"alignnone wp-image-1732 size-medium lazyload\" src=\"data:image\/gif;base64,R0lGODlhAQABAAAAACH5BAEKAAEALAAAAAABAAEAAAICTAEAOw==\" data-src=\"https:\/\/havlupan.com.tr\/wp-content\/uploads\/2020\/12\/aluminyum-havlupan-corvus-5070-300x300.jpg\" alt=\"\" width=\"300\" height=\"300\" data-sizes=\"auto\" data-srcset=\"https:\/\/havlupan.com.tr\/wp-content\/uploads\/2020\/12\/aluminyum-havlupan-corvus-5070-300x300.jpg 300w, https:\/\/havlupan.com.tr\/wp-content\/uploads\/2020\/12\/aluminyum-havlupan-corvus-5070-150x150.jpg 150w, https:\/\/havlupan.com.tr\/wp-content\/uploads\/2020\/12\/aluminyum-havlupan-corvus-5070-180x180.jpg 180w, https:\/\/havlupan.com.tr\/wp-content\/uploads\/2020\/12\/aluminyum-havlupan-corvus-5070-20x20.jpg 20w, https:\/\/havlupan.com.tr\/wp-content\/uploads\/2020\/12\/aluminyum-havlupan-corvus-5070-290x290.jpg 290w, https:\/\/havlupan.com.tr\/wp-content\/uploads\/2020\/12\/aluminyum-havlupan-corvus-5070-100x100.jpg 100w\" sizes=\"(max-width: 300px) 100vw, 300px\" \/><\/p>\n<h5><span style=\"font-size: 16px;\">Corvus Badheizk\u00f6rper aus Aluminium<\/span><\/h5>\n<p><span style=\"font-size: 14px;\">Das Produkt, das einen niedrigen Energieverbrauch und eine hohe Effizienz bietet, sorgt f\u00fcr eine w\u00e4rmere Umgebung in Ihren R\u00e4umen.<\/span>[\/vc_column_text][\/vc_column_inner][vc_column_inner width=&#8221;1\/4&#8243;][vc_column_text el_class=&#8221;text-center&#8221; css=&#8221;.vc_custom_1677874478941{padding-top: 20px !important;padding-right: 20px !important;padding-bottom: 30px !important;padding-left: 20px !important;background-color: #ffffff !important;}&#8221;]<img decoding=\"async\" loading=\"lazy\" class=\"alignnone wp-image-1699 size-medium lazyload\" src=\"data:image\/gif;base64,R0lGODlhAQABAAAAACH5BAEKAAEALAAAAAABAAEAAAICTAEAOw==\" data-src=\"https:\/\/havlupan.com.tr\/wp-content\/uploads\/2020\/12\/dekoratif-havlupan-virgo-5090-300x300.jpg\" alt=\"\" width=\"300\" height=\"300\" data-sizes=\"auto\" data-srcset=\"https:\/\/havlupan.com.tr\/wp-content\/uploads\/2020\/12\/dekoratif-havlupan-virgo-5090-300x300.jpg 300w, https:\/\/havlupan.com.tr\/wp-content\/uploads\/2020\/12\/dekoratif-havlupan-virgo-5090-150x150.jpg 150w, https:\/\/havlupan.com.tr\/wp-content\/uploads\/2020\/12\/dekoratif-havlupan-virgo-5090-180x180.jpg 180w, https:\/\/havlupan.com.tr\/wp-content\/uploads\/2020\/12\/dekoratif-havlupan-virgo-5090-20x20.jpg 20w, https:\/\/havlupan.com.tr\/wp-content\/uploads\/2020\/12\/dekoratif-havlupan-virgo-5090-290x290.jpg 290w, https:\/\/havlupan.com.tr\/wp-content\/uploads\/2020\/12\/dekoratif-havlupan-virgo-5090-100x100.jpg 100w\" sizes=\"(max-width: 300px) 100vw, 300px\" \/><\/p>\n<h5><span style=\"font-size: 16px;\">Virgo Badheizk\u00f6rper aus Stahl<\/span><\/h5>\n<p><span style=\"font-size: 14px;\">Die j\u00e4hrlich wechselnde moderne und \u00e4sthetische Optik der B\u00e4der macht die Serie virgo unverzichtbar.<\/span>[\/vc_column_text][\/vc_column_inner][\/vc_row_inner][vc_empty_space height=&#8221;20px&#8221;][\/vc_column][\/vc_row]\n","protected":false},"excerpt":{"rendered":"<p>[vc_row thb_full_width=&#8221;true&#8221; thb_row_padding=&#8221;true&#8221; thb_column_padding=&#8221;true&#8221; css=&#8221;.vc_custom_1582198247050{margin-bottom: 50px !important;}&#8221;][vc_column][vc_empty_space height=&#8221;30px&#8221;][vc_row_inner css=&#8221;.vc_custom_1608372940832{padding-top: 250px !important;padding-bottom: 30px !important;background-image: url(https:\/\/havlupan.com.tr\/wp-content\/uploads\/2020\/11\/beyaz-aluminyum-havlupan.jpg?id=1450) !important;background-position: center !important;background-repeat: no-repeat !important;background-size: cover !important;}&#8221;][vc_column_inner thb_color=&#8221;thb-light-column&#8221;][vc_column_text] Moderneres und \u00e4sthetischeres Erscheinungsbild [\/vc_column_text][\/vc_column_inner][\/vc_row_inner][\/vc_column][\/vc_row][vc_row css=&#8221;.vc_custom_1582198694605{margin-bottom: 50px !important;}&#8221; el_class=&#8221;align-justify&#8221;][vc_column width=&#8221;2\/3&#8243;][vc_column_text] Badheizk\u00f6rper der Toprak &#8211; Serie [\/vc_column_text][vc_empty_space height=&#8221;26px&#8221;][vc_column_text]Unser Unternehmen ist einer der ersten Hersteller von Badheizk\u00f6rpern, der im Jahr 2000 mit der Produktion in&hellip;<\/p>\n","protected":false},"author":6,"featured_media":0,"parent":0,"menu_order":10,"comment_status":"closed","ping_status":"closed","template":"page-default.php","meta":[],"_links":{"self":[{"href":"https:\/\/havlupan.com.tr\/de\/wp-json\/wp\/v2\/pages\/3124"}],"collection":[{"href":"https:\/\/havlupan.com.tr\/de\/wp-json\/wp\/v2\/pages"}],"about":[{"href":"https:\/\/havlupan.com.tr\/de\/wp-json\/wp\/v2\/types\/page"}],"author":[{"embeddable":true,"href":"https:\/\/havlupan.com.tr\/de\/wp-json\/wp\/v2\/users\/6"}],"replies":[{"embeddable":true,"href":"https:\/\/havlupan.com.tr\/de\/wp-json\/wp\/v2\/comments?post=3124"}],"version-history":[{"count":8,"href":"https:\/\/havlupan.com.tr\/de\/wp-json\/wp\/v2\/pages\/3124\/revisions"}],"predecessor-version":[{"id":3445,"href":"https:\/\/havlupan.com.tr\/de\/wp-json\/wp\/v2\/pages\/3124\/revisions\/3445"}],"wp:attachment":[{"href":"https:\/\/havlupan.com.tr\/de\/wp-json\/wp\/v2\/media?parent=3124"}],"curies":[{"name":"wp","href":"https:\/\/api.w.org\/{rel}","templated":true}]}}