{"id":3128,"date":"2020-01-28T14:57:23","date_gmt":"2020-01-28T11:57:23","guid":{"rendered":"https:\/\/havlupan.com.tr\/iletisim\/"},"modified":"2023-03-07T14:46:53","modified_gmt":"2023-03-07T11:46:53","slug":"kommunikation","status":"publish","type":"page","link":"https:\/\/havlupan.com.tr\/de\/kommunikation\/","title":{"rendered":"Kommunikation"},"content":{"rendered":"[vc_row][vc_column][vc_empty_space height=&#8221;10px&#8221;][\/vc_column][\/vc_row][vc_row][vc_column][vc_gmaps link=&#8221;#E-8_JTNDaWZyYW1lJTIwc3JjJTNEJTIyaHR0cHMlM0ElMkYlMkZ3d3cuZ29vZ2xlLmNvbSUyRm1hcHMlMkZlbWJlZCUzRnBiJTNEJTIxMW0xOCUyMTFtMTIlMjExbTMlMjExZDMwNzUuMDQzMDM0MjY3MDI0JTIxMmQyNy44NDY2MTAxNTA2Nzk0OTYlMjEzZDM5LjU4MTE4MDQ3OTM3MDIyJTIxMm0zJTIxMWYwJTIxMmYwJTIxM2YwJTIxM20yJTIxMWkxMDI0JTIxMmk3NjglMjE0ZjEzLjElMjEzbTMlMjExbTIlMjExczB4MTRiNzA2OTVlN2E4MTcwMyUyNTNBMHg2NjI2MjJlMTg4MWQwMDEwJTIxMnNWRVJPTUFSJTI1MjBNZXJtZXIlMjE1ZTAlMjEzbTIlMjExc3RyJTIxMnN0ciUyMTR2MTY0MzAxNTUxNDcwNCUyMTVtMiUyMTFzdHIlMjEyc3RyJTIyJTIwd2lkdGglM0QlMjI2MDAlMjIlMjBoZWlnaHQlM0QlMjI0NTAlMjIlMjBzdHlsZSUzRCUyMmJvcmRlciUzQTAlM0IlMjIlMjBhbGxvd2Z1bGxzY3JlZW4lM0QlMjIlMjIlMjBsb2FkaW5nJTNEJTIybGF6eSUyMiUzRSUzQyUyRmlmcmFtZSUzRQ==&#8221;][vc_empty_space height=&#8221;40px&#8221;][\/vc_column][\/vc_row][vc_row][vc_column width=&#8221;3\/4&#8243; css=&#8221;.vc_custom_1581948845321{padding-right: 5% !important;}&#8221;][vc_column_text]\n<h3>Eine R\u00fcckmeldung erfolgt schnellstm\u00f6glich.<\/h3>\n<p>Bitte f\u00fcllen Sie die folgenden Informationen aus, um Informationen und Unterst\u00fctzung zu unseren Produkten zu erhalten.[\/vc_column_text][vc_empty_space height=&#8221;40px&#8221;]\n<div class=\"wpcf7 no-js\" id=\"wpcf7-f3342-o1\" lang=\"en-US\" dir=\"ltr\">\n<div class=\"screen-reader-response\"><p role=\"status\" aria-live=\"polite\" aria-atomic=\"true\"><\/p> <ul><\/ul><\/div>\n<form action=\"\/de\/wp-json\/wp\/v2\/pages\/3128#wpcf7-f3342-o1\" method=\"post\" class=\"wpcf7-form init\" aria-label=\"Contact form\" novalidate=\"novalidate\" data-status=\"init\">\n<div style=\"display: none;\">\n<input type=\"hidden\" name=\"_wpcf7\" value=\"3342\" \/>\n<input type=\"hidden\" name=\"_wpcf7_version\" value=\"5.7.7\" \/>\n<input type=\"hidden\" name=\"_wpcf7_locale\" value=\"en_US\" \/>\n<input type=\"hidden\" name=\"_wpcf7_unit_tag\" value=\"wpcf7-f3342-o1\" \/>\n<input type=\"hidden\" name=\"_wpcf7_container_post\" value=\"0\" \/>\n<input type=\"hidden\" name=\"_wpcf7_posted_data_hash\" value=\"\" \/>\n<\/div>\n<div class=\"row\">\n\t<div class=\"small-12 large-6 columns\">\n\t\t<p><label>Ihren Namen<\/label><span class=\"wpcf7-form-control-wrap\" data-name=\"your-firstname\"><input size=\"40\" class=\"wpcf7-form-control wpcf7-text wpcf7-validates-as-required full\" aria-required=\"true\" aria-invalid=\"false\" value=\"\" type=\"text\" name=\"your-firstname\" \/><\/span>\n\t\t<\/p>\n\t<\/div>\n\t<div class=\"small-12 large-6 columns\">\n\t\t<p><label>E-Mail-Addresse<\/label><span class=\"wpcf7-form-control-wrap\" data-name=\"your-email\"><input size=\"40\" class=\"wpcf7-form-control wpcf7-text wpcf7-validates-as-required full\" aria-required=\"true\" aria-invalid=\"false\" value=\"\" type=\"text\" name=\"your-email\" \/><\/span>\n\t\t<\/p>\n\t<\/div>\n\t<div class=\"small-12 columns\">\n\t\t<p><label>Ihre Nachricht<\/label><span class=\"wpcf7-form-control-wrap\" data-name=\"your-message\"><textarea cols=\"40\" rows=\"10\" class=\"wpcf7-form-control wpcf7-textarea full\" aria-invalid=\"false\" name=\"your-message\"><\/textarea><\/span>\n\t\t<\/p>\n\t<\/div>\n<\/div>\n<div class=\"row\">\n\t<div class=\"small-12 columns\">\n\t\t<p><input class=\"wpcf7-form-control has-spinner wpcf7-submit btn\" type=\"submit\" value=\"Schicken\" \/>\n\t\t<\/p>\n\t<\/div>\n<\/div><div class=\"wpcf7-response-output\" aria-hidden=\"true\"><\/div>\n<\/form>\n<\/div>\n[vc_empty_space height=&#8221;40px&#8221;][\/vc_column][vc_column width=&#8221;1\/4&#8243;][vc_column_text]\n<h5><img decoding=\"async\" loading=\"lazy\" class=\"alignnone size-full wp-image-238 lazyload\" src=\"data:image\/gif;base64,R0lGODlhAQABAAAAACH5BAEKAAEALAAAAAABAAEAAAICTAEAOw==\" data-src=\"https:\/\/havlupan.com.tr\/wp-content\/uploads\/2020\/02\/i3.png\" alt=\"\" width=\"20\" height=\"18\" \/>\u00a0 \u00a0 Center<\/h5>\n[\/vc_column_text][vc_column_text]<span style=\"font-size: 14px;\">Seyitnizam Mahallesi<\/span><br \/>\n<span style=\"font-size: 14px;\">Demirciler Sit. 1.Cadde No:11<\/span><br \/>\n<span style=\"font-size: 14px;\">Zeytinburnu, \u0130STANBUL<\/span><\/p>\n<p><span style=\"font-size: 14px;\">Tel: <a href=\"tel:+19009997783\">+90 212 664 83 74 &#8211; 75<\/a><\/span><br \/>\n<span style=\"font-size: 14px;\">Email: <a href=\"mailto:spam@google.com\">info@havlupan.com.tr<\/a><\/span>[\/vc_column_text][vc_empty_space height=&#8221;40px&#8221;][vc_column_text]\n<h5><img decoding=\"async\" loading=\"lazy\" class=\"alignnone size-full wp-image-238 lazyload\" src=\"data:image\/gif;base64,R0lGODlhAQABAAAAACH5BAEKAAEALAAAAAABAAEAAAICTAEAOw==\" data-src=\"https:\/\/havlupan.com.tr\/wp-content\/uploads\/2020\/02\/i3.png\" alt=\"\" width=\"20\" height=\"18\" \/>\u00a0 Fabrik<\/h5>\n[\/vc_column_text][vc_column_text]<span style=\"font-size: 14px;\">Gaziosmanpa\u015fa OSB Mah. 4. Cadde, No. 20<br \/>\nBal\u0131kesir Organize Sanayi B\u00f6lgesi<\/span><br \/>\n<span style=\"font-size: 14px;\">Alt\u0131eyl\u00fcl, Bal\u0131kesir, T\u00dcRK\u0130YE<br \/>\n<\/span><\/p>\n<p>Tel: +90-266-502 53 53<\/p>\n<p>E-mail: info@havlupan.com.tr[\/vc_column_text][vc_empty_space height=&#8221;40px&#8221;][\/vc_column][\/vc_row]\n","protected":false},"excerpt":{"rendered":"<p>[vc_row][vc_column][vc_empty_space height=&#8221;10px&#8221;][\/vc_column][\/vc_row][vc_row][vc_column][vc_gmaps link=&#8221;#E-8_JTNDaWZyYW1lJTIwc3JjJTNEJTIyaHR0cHMlM0ElMkYlMkZ3d3cuZ29vZ2xlLmNvbSUyRm1hcHMlMkZlbWJlZCUzRnBiJTNEJTIxMW0xOCUyMTFtMTIlMjExbTMlMjExZDMwNzUuMDQzMDM0MjY3MDI0JTIxMmQyNy44NDY2MTAxNTA2Nzk0OTYlMjEzZDM5LjU4MTE4MDQ3OTM3MDIyJTIxMm0zJTIxMWYwJTIxMmYwJTIxM2YwJTIxM20yJTIxMWkxMDI0JTIxMmk3NjglMjE0ZjEzLjElMjEzbTMlMjExbTIlMjExczB4MTRiNzA2OTVlN2E4MTcwMyUyNTNBMHg2NjI2MjJlMTg4MWQwMDEwJTIxMnNWRVJPTUFSJTI1MjBNZXJtZXIlMjE1ZTAlMjEzbTIlMjExc3RyJTIxMnN0ciUyMTR2MTY0MzAxNTUxNDcwNCUyMTVtMiUyMTFzdHIlMjEyc3RyJTIyJTIwd2lkdGglM0QlMjI2MDAlMjIlMjBoZWlnaHQlM0QlMjI0NTAlMjIlMjBzdHlsZSUzRCUyMmJvcmRlciUzQTAlM0IlMjIlMjBhbGxvd2Z1bGxzY3JlZW4lM0QlMjIlMjIlMjBsb2FkaW5nJTNEJTIybGF6eSUyMiUzRSUzQyUyRmlmcmFtZSUzRQ==&#8221;][vc_empty_space height=&#8221;40px&#8221;][\/vc_column][\/vc_row][vc_row][vc_column width=&#8221;3\/4&#8243; css=&#8221;.vc_custom_1581948845321{padding-right: 5% !important;}&#8221;][vc_column_text] Eine R\u00fcckmeldung erfolgt schnellstm\u00f6glich. Bitte f\u00fcllen Sie die folgenden Informationen aus, um Informationen und Unterst\u00fctzung zu unseren Produkten zu erhalten.[\/vc_column_text][vc_empty_space height=&#8221;40px&#8221;][vc_empty_space height=&#8221;40px&#8221;][\/vc_column][vc_column width=&#8221;1\/4&#8243;][vc_column_text] \u00a0 \u00a0 Center [\/vc_column_text][vc_column_text]Seyitnizam Mahallesi Demirciler Sit. 1.Cadde No:11 Zeytinburnu, \u0130STANBUL Tel: +90 212 664 83 74 &#8211; 75 Email: info@havlupan.com.tr[\/vc_column_text][vc_empty_space height=&#8221;40px&#8221;][vc_column_text] \u00a0 Fabrik&hellip;<\/p>\n","protected":false},"author":6,"featured_media":0,"parent":0,"menu_order":26,"comment_status":"closed","ping_status":"closed","template":"page-default.php","meta":[],"_links":{"self":[{"href":"https:\/\/havlupan.com.tr\/de\/wp-json\/wp\/v2\/pages\/3128"}],"collection":[{"href":"https:\/\/havlupan.com.tr\/de\/wp-json\/wp\/v2\/pages"}],"about":[{"href":"https:\/\/havlupan.com.tr\/de\/wp-json\/wp\/v2\/types\/page"}],"author":[{"embeddable":true,"href":"https:\/\/havlupan.com.tr\/de\/wp-json\/wp\/v2\/users\/6"}],"replies":[{"embeddable":true,"href":"https:\/\/havlupan.com.tr\/de\/wp-json\/wp\/v2\/comments?post=3128"}],"version-history":[{"count":5,"href":"https:\/\/havlupan.com.tr\/de\/wp-json\/wp\/v2\/pages\/3128\/revisions"}],"predecessor-version":[{"id":3376,"href":"https:\/\/havlupan.com.tr\/de\/wp-json\/wp\/v2\/pages\/3128\/revisions\/3376"}],"wp:attachment":[{"href":"https:\/\/havlupan.com.tr\/de\/wp-json\/wp\/v2\/media?parent=3128"}],"curies":[{"name":"wp","href":"https:\/\/api.w.org\/{rel}","templated":true}]}}