{"id":3178,"date":"2020-12-12T12:22:57","date_gmt":"2020-12-12T09:22:57","guid":{"rendered":"https:\/\/havlupan.com.tr\/urun\/dorado-havlupan\/"},"modified":"2024-11-10T20:17:16","modified_gmt":"2024-11-10T17:17:16","slug":"dorado-badheizkoerper","status":"publish","type":"product","link":"https:\/\/havlupan.com.tr\/de\/product\/dorado-badheizkoerper\/","title":{"rendered":"Dorado Badheizk\u00f6rper"},"content":{"rendered":"","protected":false},"excerpt":{"rendered":"<p>Dorado Badheizk\u00f6rper verleihen Ihren R\u00e4umen eine neue Dimension<\/p>\n","protected":false},"featured_media":3031,"comment_status":"open","ping_status":"closed","template":"","meta":[],"product_cat":[473],"product_tag":[474,463,464],"_links":{"self":[{"href":"https:\/\/havlupan.com.tr\/de\/wp-json\/wp\/v2\/product\/3178"}],"collection":[{"href":"https:\/\/havlupan.com.tr\/de\/wp-json\/wp\/v2\/product"}],"about":[{"href":"https:\/\/havlupan.com.tr\/de\/wp-json\/wp\/v2\/types\/product"}],"replies":[{"embeddable":true,"href":"https:\/\/havlupan.com.tr\/de\/wp-json\/wp\/v2\/comments?post=3178"}],"wp:featuredmedia":[{"embeddable":true,"href":"https:\/\/havlupan.com.tr\/de\/wp-json\/wp\/v2\/media\/3031"}],"wp:attachment":[{"href":"https:\/\/havlupan.com.tr\/de\/wp-json\/wp\/v2\/media?parent=3178"}],"wp:term":[{"taxonomy":"product_cat","embeddable":true,"href":"https:\/\/havlupan.com.tr\/de\/wp-json\/wp\/v2\/product_cat?post=3178"},{"taxonomy":"product_tag","embeddable":true,"href":"https:\/\/havlupan.com.tr\/de\/wp-json\/wp\/v2\/product_tag?post=3178"}],"curies":[{"name":"wp","href":"https:\/\/api.w.org\/{rel}","templated":true}]}}