{"id":3184,"date":"2020-12-12T16:47:35","date_gmt":"2020-12-12T13:47:35","guid":{"rendered":"https:\/\/havlupan.com.tr\/urun\/leo-aluminyum-radyator\/"},"modified":"2024-04-10T15:41:46","modified_gmt":"2024-04-10T12:41:46","slug":"leo-aluminium-radiator","status":"publish","type":"product","link":"https:\/\/havlupan.com.tr\/de\/product\/leo-aluminium-radiator\/","title":{"rendered":"Leo Aluminium Radiator"},"content":{"rendered":"","protected":false},"excerpt":{"rendered":"<p>Die Radiator der Leo-Serie sind standardm\u00e4\u00dfig in Wei\u00df gehalten und in verschiedenen Gr\u00f6\u00dfen erh\u00e4ltlich.<\/p>\n","protected":false},"featured_media":3046,"comment_status":"open","ping_status":"closed","template":"","meta":[],"product_cat":[479],"product_tag":[474,463,464],"_links":{"self":[{"href":"https:\/\/havlupan.com.tr\/de\/wp-json\/wp\/v2\/product\/3184"}],"collection":[{"href":"https:\/\/havlupan.com.tr\/de\/wp-json\/wp\/v2\/product"}],"about":[{"href":"https:\/\/havlupan.com.tr\/de\/wp-json\/wp\/v2\/types\/product"}],"replies":[{"embeddable":true,"href":"https:\/\/havlupan.com.tr\/de\/wp-json\/wp\/v2\/comments?post=3184"}],"wp:featuredmedia":[{"embeddable":true,"href":"https:\/\/havlupan.com.tr\/de\/wp-json\/wp\/v2\/media\/3046"}],"wp:attachment":[{"href":"https:\/\/havlupan.com.tr\/de\/wp-json\/wp\/v2\/media?parent=3184"}],"wp:term":[{"taxonomy":"product_cat","embeddable":true,"href":"https:\/\/havlupan.com.tr\/de\/wp-json\/wp\/v2\/product_cat?post=3184"},{"taxonomy":"product_tag","embeddable":true,"href":"https:\/\/havlupan.com.tr\/de\/wp-json\/wp\/v2\/product_tag?post=3184"}],"curies":[{"name":"wp","href":"https:\/\/api.w.org\/{rel}","templated":true}]}}