{"id":3186,"date":"2020-12-13T13:20:46","date_gmt":"2020-12-13T10:20:46","guid":{"rendered":"https:\/\/havlupan.com.tr\/urun\/vela-siyah-aluminyum-radyator\/"},"modified":"2023-03-03T17:51:35","modified_gmt":"2023-03-03T14:51:35","slug":"vela-schwarzer-aluminium-radiator","status":"publish","type":"product","link":"https:\/\/havlupan.com.tr\/de\/product\/vela-schwarzer-aluminium-radiator\/","title":{"rendered":"Vela Schwarzer Aluminium Radiator"},"content":{"rendered":"","protected":false},"excerpt":{"rendered":"<p>Die Radiator der Vela-Serie verleihen Ihren R\u00e4umen mit ihrer h\u00f6lzernen und schwarz gemusterten Optik eine neue \u00c4sthetik.<\/p>\n","protected":false},"featured_media":3049,"comment_status":"open","ping_status":"closed","template":"","meta":[],"product_cat":[479],"product_tag":[474,463,464],"_links":{"self":[{"href":"https:\/\/havlupan.com.tr\/de\/wp-json\/wp\/v2\/product\/3186"}],"collection":[{"href":"https:\/\/havlupan.com.tr\/de\/wp-json\/wp\/v2\/product"}],"about":[{"href":"https:\/\/havlupan.com.tr\/de\/wp-json\/wp\/v2\/types\/product"}],"replies":[{"embeddable":true,"href":"https:\/\/havlupan.com.tr\/de\/wp-json\/wp\/v2\/comments?post=3186"}],"wp:featuredmedia":[{"embeddable":true,"href":"https:\/\/havlupan.com.tr\/de\/wp-json\/wp\/v2\/media\/3049"}],"wp:attachment":[{"href":"https:\/\/havlupan.com.tr\/de\/wp-json\/wp\/v2\/media?parent=3186"}],"wp:term":[{"taxonomy":"product_cat","embeddable":true,"href":"https:\/\/havlupan.com.tr\/de\/wp-json\/wp\/v2\/product_cat?post=3186"},{"taxonomy":"product_tag","embeddable":true,"href":"https:\/\/havlupan.com.tr\/de\/wp-json\/wp\/v2\/product_tag?post=3186"}],"curies":[{"name":"wp","href":"https:\/\/api.w.org\/{rel}","templated":true}]}}