{"id":3188,"date":"2020-12-13T14:40:36","date_gmt":"2020-12-13T11:40:36","guid":{"rendered":"https:\/\/havlupan.com.tr\/urun\/gemini-aluminyum-havlupan\/"},"modified":"2023-03-03T17:51:09","modified_gmt":"2023-03-03T14:51:09","slug":"gemini-badheizoerper-aus-aluminium","status":"publish","type":"product","link":"https:\/\/havlupan.com.tr\/de\/product\/gemini-badheizoerper-aus-aluminium\/","title":{"rendered":"Gemini Badheiz\u00f6rper aus Aluminium"},"content":{"rendered":"","protected":false},"excerpt":{"rendered":"<p>Badheizk\u00f6rper der Gemini -Serie verleihen R\u00e4umen mit verschiedenen Gr\u00f6\u00dfenoptionen eine neue \u00c4sthetik.<\/p>\n","protected":false},"featured_media":3045,"comment_status":"open","ping_status":"closed","template":"","meta":[],"product_cat":[479],"product_tag":[474,463,464],"_links":{"self":[{"href":"https:\/\/havlupan.com.tr\/de\/wp-json\/wp\/v2\/product\/3188"}],"collection":[{"href":"https:\/\/havlupan.com.tr\/de\/wp-json\/wp\/v2\/product"}],"about":[{"href":"https:\/\/havlupan.com.tr\/de\/wp-json\/wp\/v2\/types\/product"}],"replies":[{"embeddable":true,"href":"https:\/\/havlupan.com.tr\/de\/wp-json\/wp\/v2\/comments?post=3188"}],"wp:featuredmedia":[{"embeddable":true,"href":"https:\/\/havlupan.com.tr\/de\/wp-json\/wp\/v2\/media\/3045"}],"wp:attachment":[{"href":"https:\/\/havlupan.com.tr\/de\/wp-json\/wp\/v2\/media?parent=3188"}],"wp:term":[{"taxonomy":"product_cat","embeddable":true,"href":"https:\/\/havlupan.com.tr\/de\/wp-json\/wp\/v2\/product_cat?post=3188"},{"taxonomy":"product_tag","embeddable":true,"href":"https:\/\/havlupan.com.tr\/de\/wp-json\/wp\/v2\/product_tag?post=3188"}],"curies":[{"name":"wp","href":"https:\/\/api.w.org\/{rel}","templated":true}]}}