{"id":3189,"date":"2020-12-13T14:49:01","date_gmt":"2020-12-13T11:49:01","guid":{"rendered":"https:\/\/havlupan.com.tr\/urun\/corvus-aluminyum-havlupan\/"},"modified":"2023-12-13T18:02:24","modified_gmt":"2023-12-13T15:02:24","slug":"corvus-badheizkoerper-aus-aluminium","status":"publish","type":"product","link":"https:\/\/havlupan.com.tr\/de\/product\/corvus-badheizkoerper-aus-aluminium\/","title":{"rendered":"Corvus Badheizk\u00f6rper aus Aluminium"},"content":{"rendered":"","protected":false},"excerpt":{"rendered":"<p>Badheizk\u00f6rper der Corvus-Serie verleihen R\u00e4umen mit verschiedenen Gr\u00f6\u00dfenoptionen eine neue \u00c4sthetik.<\/p>\n","protected":false},"featured_media":3044,"comment_status":"open","ping_status":"closed","template":"","meta":[],"product_cat":[479],"product_tag":[474,463,464],"_links":{"self":[{"href":"https:\/\/havlupan.com.tr\/de\/wp-json\/wp\/v2\/product\/3189"}],"collection":[{"href":"https:\/\/havlupan.com.tr\/de\/wp-json\/wp\/v2\/product"}],"about":[{"href":"https:\/\/havlupan.com.tr\/de\/wp-json\/wp\/v2\/types\/product"}],"replies":[{"embeddable":true,"href":"https:\/\/havlupan.com.tr\/de\/wp-json\/wp\/v2\/comments?post=3189"}],"wp:featuredmedia":[{"embeddable":true,"href":"https:\/\/havlupan.com.tr\/de\/wp-json\/wp\/v2\/media\/3044"}],"wp:attachment":[{"href":"https:\/\/havlupan.com.tr\/de\/wp-json\/wp\/v2\/media?parent=3189"}],"wp:term":[{"taxonomy":"product_cat","embeddable":true,"href":"https:\/\/havlupan.com.tr\/de\/wp-json\/wp\/v2\/product_cat?post=3189"},{"taxonomy":"product_tag","embeddable":true,"href":"https:\/\/havlupan.com.tr\/de\/wp-json\/wp\/v2\/product_tag?post=3189"}],"curies":[{"name":"wp","href":"https:\/\/api.w.org\/{rel}","templated":true}]}}