{"id":3190,"date":"2020-12-13T15:45:30","date_gmt":"2020-12-13T12:45:30","guid":{"rendered":"https:\/\/havlupan.com.tr\/urun\/toprak-havlupan-beyaz\/"},"modified":"2023-03-07T13:42:55","modified_gmt":"2023-03-07T10:42:55","slug":"weisse-badheizkoerper-der-toprak-serie","status":"publish","type":"product","link":"https:\/\/havlupan.com.tr\/de\/product\/weisse-badheizkoerper-der-toprak-serie\/","title":{"rendered":"Wei\u00dfe Badheizk\u00f6rper der Toprak &#8211; Serie"},"content":{"rendered":"[vc_row][vc_column][vc_column_text]\n<h3>Wei\u00dfe Baheizk\u00f6rper-Modelle<\/h3>\n<p>Dank der gro\u00dfen Farbpalette von Produkten der Badheizk\u00f6rper der Erde- Serie k\u00f6nnen Sie das f\u00fcr Ihr Badezimmer geeignete Modell ausw\u00e4hlen.<br \/>\nMit verschiedenen Gr\u00f6\u00dfenoptionen k\u00f6nnen Sie die gew\u00fcnschte Temperatur in Ihren Badezimmern einstellen.[\/vc_column_text][\/vc_column][\/vc_row]\n","protected":false},"excerpt":{"rendered":"<p>Dank Badheizk\u00f6rper der Erde- Serie erreichen Sie hohe Temperaturen bei geringem Energieverbrauch in Ihren Badezimmern.<\/p>\n","protected":false},"featured_media":3038,"comment_status":"open","ping_status":"closed","template":"","meta":[],"product_cat":[461],"product_tag":[462,463,464],"_links":{"self":[{"href":"https:\/\/havlupan.com.tr\/de\/wp-json\/wp\/v2\/product\/3190"}],"collection":[{"href":"https:\/\/havlupan.com.tr\/de\/wp-json\/wp\/v2\/product"}],"about":[{"href":"https:\/\/havlupan.com.tr\/de\/wp-json\/wp\/v2\/types\/product"}],"replies":[{"embeddable":true,"href":"https:\/\/havlupan.com.tr\/de\/wp-json\/wp\/v2\/comments?post=3190"}],"wp:featuredmedia":[{"embeddable":true,"href":"https:\/\/havlupan.com.tr\/de\/wp-json\/wp\/v2\/media\/3038"}],"wp:attachment":[{"href":"https:\/\/havlupan.com.tr\/de\/wp-json\/wp\/v2\/media?parent=3190"}],"wp:term":[{"taxonomy":"product_cat","embeddable":true,"href":"https:\/\/havlupan.com.tr\/de\/wp-json\/wp\/v2\/product_cat?post=3190"},{"taxonomy":"product_tag","embeddable":true,"href":"https:\/\/havlupan.com.tr\/de\/wp-json\/wp\/v2\/product_tag?post=3190"}],"curies":[{"name":"wp","href":"https:\/\/api.w.org\/{rel}","templated":true}]}}